{"id":258,"date":"2018-08-29T09:48:50","date_gmt":"2018-08-29T07:48:50","guid":{"rendered":"http:\/\/emineo.vytvoreniestranky.sk\/kontakt\/"},"modified":"2025-12-29T11:01:38","modified_gmt":"2025-12-29T10:01:38","slug":"kontakt","status":"publish","type":"page","link":"https:\/\/www.emineopartners.sk\/de\/kontakt\/","title":{"rendered":"Kontakt"},"content":{"rendered":"[vc_row type=&#8220;full_width_background&#8220; full_screen_row_position=&#8220;middle&#8220; column_margin=&#8220;default&#8220; column_direction=&#8220;default&#8220; column_direction_tablet=&#8220;default&#8220; column_direction_phone=&#8220;default&#8220; bg_image=&#8220;5979&#8243; bg_image_tablet=&#8220;5975&#8243; bg_image_phone=&#8220;5975&#8243; bg_position=&#8220;center top&#8220; background_image_loading=&#8220;default&#8220; bg_repeat=&#8220;no-repeat&#8220; scene_position=&#8220;center&#8220; top_padding=&#8220;120&#8243; bottom_padding=&#8220;50&#8243; top_padding_tablet=&#8220;40&#8243; bottom_padding_tablet=&#8220;40&#8243; top_padding_phone=&#8220;40&#8243; bottom_padding_phone=&#8220;40&#8243; text_color=&#8220;light&#8220; text_align=&#8220;left&#8220; row_border_radius=&#8220;none&#8220; row_border_radius_applies=&#8220;bg&#8220; overflow=&#8220;visible&#8220; class=&#8220;contact&#8220; advanced_gradient_angle=&#8220;0&#8243; overlay_strength=&#8220;0.3&#8243; gradient_direction=&#8220;left_to_right&#8220; shape_divider_position=&#8220;bottom&#8220; bg_image_animation=&#8220;none&#8220; gradient_type=&#8220;default&#8220; shape_type=&#8220;&#8220;][vc_column column_padding=&#8220;no-extra-padding&#8220; column_padding_tablet=&#8220;inherit&#8220; column_padding_phone=&#8220;inherit&#8220; column_padding_position=&#8220;all&#8220; column_element_spacing=&#8220;default&#8220; background_color_opacity=&#8220;1&#8243; background_hover_color_opacity=&#8220;1&#8243; font_color=&#8220;#ffffff&#8220; column_shadow=&#8220;none&#8220; column_border_radius=&#8220;none&#8220; column_link_target=&#8220;_self&#8220; column_position=&#8220;default&#8220; advanced_gradient_angle=&#8220;0&#8243; gradient_direction=&#8220;left_to_right&#8220; overlay_strength=&#8220;0.3&#8243; width=&#8220;1\/1&#8243; tablet_width_inherit=&#8220;default&#8220; tablet_text_alignment=&#8220;default&#8220; phone_text_alignment=&#8220;default&#8220; animation_type=&#8220;default&#8220; bg_image_animation=&#8220;none&#8220; border_type=&#8220;simple&#8220; column_border_width=&#8220;none&#8220; column_border_style=&#8220;solid&#8220; gradient_type=&#8220;default&#8220;][vc_column_text]\n<h1>Z\u00f6gern Sie nicht uns zu kontaktieren<\/h1>\n[\/vc_column_text][divider line_type=&#8220;No Line&#8220; custom_height=&#8220;50&#8243; custom_height_tablet=&#8220;0&#8243; custom_height_phone=&#8220;0&#8243;][vc_row_inner column_margin=&#8220;default&#8220; column_direction=&#8220;default&#8220; column_direction_tablet=&#8220;default&#8220; column_direction_phone=&#8220;default&#8220; text_align=&#8220;left&#8220; row_position=&#8220;default&#8220; row_position_tablet=&#8220;inherit&#8220; row_position_phone=&#8220;inherit&#8220; overflow=&#8220;visible&#8220; pointer_events=&#8220;all&#8220;][vc_column_inner column_padding=&#8220;no-extra-padding&#8220; column_padding_tablet=&#8220;inherit&#8220; column_padding_phone=&#8220;inherit&#8220; column_padding_position=&#8220;all&#8220; column_element_spacing=&#8220;default&#8220; background_color_opacity=&#8220;1&#8243; background_hover_color_opacity=&#8220;1&#8243; column_shadow=&#8220;none&#8220; column_border_radius=&#8220;none&#8220; column_link_target=&#8220;_self&#8220; gradient_direction=&#8220;left_to_right&#8220; overlay_strength=&#8220;0.3&#8243; width=&#8220;1\/3&#8243; tablet_width_inherit=&#8220;default&#8220; animation_type=&#8220;default&#8220; bg_image_animation=&#8220;none&#8220; border_type=&#8220;simple&#8220; column_border_width=&#8220;none&#8220; column_border_style=&#8220;solid&#8220;][vc_column_text el_class=&#8220;title-with-icon adresa&#8220;]Adresse[\/vc_column_text][vc_column_text]\n<h3 data-start=\"36\" data-end=\"62\"><strong data-start=\"36\" data-end=\"60\">Hauptb\u00fcro Bratislava<\/strong><\/h3>\n<p data-start=\"64\" data-end=\"142\">EMINEO PARTNERS<br data-start=\"83\" data-end=\"86\" \/>Hviezdoslavovo n\u00e1mestie 7<br data-start=\"111\" data-end=\"114\" \/>811 02 Bratislava<\/p>\n[\/vc_column_text][\/vc_column_inner][vc_column_inner column_padding=&#8220;no-extra-padding&#8220; column_padding_tablet=&#8220;inherit&#8220; column_padding_phone=&#8220;inherit&#8220; column_padding_position=&#8220;all&#8220; column_element_spacing=&#8220;default&#8220; background_color_opacity=&#8220;1&#8243; background_hover_color_opacity=&#8220;1&#8243; column_shadow=&#8220;none&#8220; column_border_radius=&#8220;none&#8220; column_link_target=&#8220;_self&#8220; gradient_direction=&#8220;left_to_right&#8220; overlay_strength=&#8220;0.3&#8243; width=&#8220;1\/3&#8243; tablet_width_inherit=&#8220;default&#8220; animation_type=&#8220;default&#8220; bg_image_animation=&#8220;none&#8220; border_type=&#8220;simple&#8220; column_border_width=&#8220;none&#8220; column_border_style=&#8220;solid&#8220;][vc_column_text el_class=&#8220;title-with-icon telefon&#8220;]Telefonnummer[\/vc_column_text][vc_column_text]<a href=\"tel:+421221028219\">+421 221 028 219<\/a>[\/vc_column_text][\/vc_column_inner][vc_column_inner column_padding=&#8220;no-extra-padding&#8220; column_padding_tablet=&#8220;inherit&#8220; column_padding_phone=&#8220;inherit&#8220; column_padding_position=&#8220;all&#8220; column_element_spacing=&#8220;default&#8220; background_color_opacity=&#8220;1&#8243; background_hover_color_opacity=&#8220;1&#8243; column_shadow=&#8220;none&#8220; column_border_radius=&#8220;none&#8220; column_link_target=&#8220;_self&#8220; gradient_direction=&#8220;left_to_right&#8220; overlay_strength=&#8220;0.3&#8243; width=&#8220;1\/3&#8243; tablet_width_inherit=&#8220;default&#8220; animation_type=&#8220;default&#8220; bg_image_animation=&#8220;none&#8220; border_type=&#8220;simple&#8220; column_border_width=&#8220;none&#8220; column_border_style=&#8220;solid&#8220;][vc_column_text el_class=&#8220;title-with-icon email&#8220;]Email[\/vc_column_text][vc_column_text]<a href=\"mailto:office@emineopartners.sk\">office@emineopartners.sk<\/a>[\/vc_column_text][\/vc_column_inner][\/vc_row_inner][vc_row_inner column_margin=&#8220;default&#8220; column_direction=&#8220;default&#8220; column_direction_tablet=&#8220;default&#8220; column_direction_phone=&#8220;default&#8220; text_align=&#8220;left&#8220; row_position=&#8220;default&#8220; row_position_tablet=&#8220;inherit&#8220; row_position_phone=&#8220;inherit&#8220; overflow=&#8220;visible&#8220; pointer_events=&#8220;all&#8220;][vc_column_inner column_padding=&#8220;no-extra-padding&#8220; column_padding_tablet=&#8220;inherit&#8220; column_padding_phone=&#8220;inherit&#8220; column_padding_position=&#8220;all&#8220; column_element_spacing=&#8220;default&#8220; background_color_opacity=&#8220;1&#8243; background_hover_color_opacity=&#8220;1&#8243; column_shadow=&#8220;none&#8220; column_border_radius=&#8220;none&#8220; column_link_target=&#8220;_self&#8220; gradient_direction=&#8220;left_to_right&#8220; overlay_strength=&#8220;0.3&#8243; width=&#8220;1\/3&#8243; tablet_width_inherit=&#8220;default&#8220; animation_type=&#8220;default&#8220; bg_image_animation=&#8220;none&#8220; border_type=&#8220;simple&#8220; column_border_width=&#8220;none&#8220; column_border_style=&#8220;solid&#8220;][vc_column_text]\n<h3 data-start=\"31\" data-end=\"57\"><strong data-start=\"31\" data-end=\"55\">Niederlassung Pre\u0161ov<\/strong><\/h3>\n<p data-start=\"59\" data-end=\"117\">EMINEO PARTNERS<br data-start=\"78\" data-end=\"81\" \/>Hlavn\u00e1 23<br data-start=\"90\" data-end=\"93\" \/>080 01 Pre\u0161ov<\/p>\n[\/vc_column_text][\/vc_column_inner][vc_column_inner column_padding=&#8220;no-extra-padding&#8220; column_padding_tablet=&#8220;inherit&#8220; column_padding_phone=&#8220;inherit&#8220; column_padding_position=&#8220;all&#8220; column_element_spacing=&#8220;default&#8220; background_color_opacity=&#8220;1&#8243; background_hover_color_opacity=&#8220;1&#8243; column_shadow=&#8220;none&#8220; column_border_radius=&#8220;none&#8220; column_link_target=&#8220;_self&#8220; gradient_direction=&#8220;left_to_right&#8220; overlay_strength=&#8220;0.3&#8243; width=&#8220;1\/3&#8243; tablet_width_inherit=&#8220;default&#8220; animation_type=&#8220;default&#8220; bg_image_animation=&#8220;none&#8220; border_type=&#8220;simple&#8220; column_border_width=&#8220;none&#8220; column_border_style=&#8220;solid&#8220;][vc_column_text el_class=&#8220;title-with-icon telefon&#8220;]Telefonnummer[\/vc_column_text][vc_column_text]<a href=\"tel:+421221028219\">+421 221 028 219<\/a>[\/vc_column_text][\/vc_column_inner][vc_column_inner column_padding=&#8220;no-extra-padding&#8220; column_padding_tablet=&#8220;inherit&#8220; column_padding_phone=&#8220;inherit&#8220; column_padding_position=&#8220;all&#8220; column_element_spacing=&#8220;default&#8220; background_color_opacity=&#8220;1&#8243; background_hover_color_opacity=&#8220;1&#8243; column_shadow=&#8220;none&#8220; column_border_radius=&#8220;none&#8220; column_link_target=&#8220;_self&#8220; gradient_direction=&#8220;left_to_right&#8220; overlay_strength=&#8220;0.3&#8243; width=&#8220;1\/3&#8243; tablet_width_inherit=&#8220;default&#8220; animation_type=&#8220;default&#8220; bg_image_animation=&#8220;none&#8220; border_type=&#8220;simple&#8220; column_border_width=&#8220;none&#8220; column_border_style=&#8220;solid&#8220;][vc_column_text el_class=&#8220;title-with-icon email&#8220;]Email[\/vc_column_text][vc_column_text]<a href=\"mailto:office@emineopartners.sk\">office@emineopartners.sk<\/a>[\/vc_column_text][\/vc_column_inner][\/vc_row_inner][\/vc_column][\/vc_row][vc_row type=&#8220;full_width_background&#8220; full_screen_row_position=&#8220;middle&#8220; column_margin=&#8220;default&#8220; column_direction=&#8220;default&#8220; column_direction_tablet=&#8220;default&#8220; column_direction_phone=&#8220;default&#8220; bg_color=&#8220;#ffffff&#8220; scene_position=&#8220;center&#8220; top_padding=&#8220;70&#8243; bottom_padding=&#8220;50&#8243; top_padding_tablet=&#8220;40&#8243; bottom_padding_tablet=&#8220;40&#8243; top_padding_phone=&#8220;40&#8243; bottom_padding_phone=&#8220;40&#8243; text_color=&#8220;dark&#8220; text_align=&#8220;left&#8220; row_border_radius=&#8220;none&#8220; row_border_radius_applies=&#8220;bg&#8220; overflow=&#8220;visible&#8220; advanced_gradient_angle=&#8220;0&#8243; overlay_strength=&#8220;0.3&#8243; gradient_direction=&#8220;left_to_right&#8220; shape_divider_position=&#8220;bottom&#8220; bg_image_animation=&#8220;none&#8220; gradient_type=&#8220;default&#8220; shape_type=&#8220;&#8220;][vc_column column_padding=&#8220;padding-7-percent&#8220; column_padding_tablet=&#8220;inherit&#8220; column_padding_phone=&#8220;inherit&#8220; column_padding_position=&#8220;right&#8220; column_element_spacing=&#8220;default&#8220; background_color_opacity=&#8220;1&#8243; background_hover_color_opacity=&#8220;1&#8243; column_shadow=&#8220;none&#8220; column_border_radius=&#8220;none&#8220; column_link_target=&#8220;_self&#8220; column_position=&#8220;default&#8220; advanced_gradient_angle=&#8220;0&#8243; gradient_direction=&#8220;left_to_right&#8220; overlay_strength=&#8220;0.3&#8243; width=&#8220;1\/2&#8243; tablet_width_inherit=&#8220;default&#8220; tablet_text_alignment=&#8220;default&#8220; phone_text_alignment=&#8220;default&#8220; animation_type=&#8220;default&#8220; bg_image_animation=&#8220;none&#8220; border_type=&#8220;simple&#8220; column_border_width=&#8220;none&#8220; column_border_style=&#8220;solid&#8220; gradient_type=&#8220;default&#8220;][vc_column_text el_class=&#8220;dark-text&#8220;]\n<h2>Kontaktiere uns<\/h2>\n[\/vc_column_text]<div role=\"form\" class=\"wpcf7\" id=\"wpcf7-f1997-o1\" lang=\"sk-SK\" dir=\"ltr\">\n<div class=\"screen-reader-response\"><p role=\"status\" aria-live=\"polite\" aria-atomic=\"true\"><\/p> <ul><\/ul><\/div>\n<form action=\"\/de\/wp-json\/wp\/v2\/pages\/258#wpcf7-f1997-o1\" method=\"post\" class=\"wpcf7-form init wpcf7-acceptance-as-validation\" novalidate=\"novalidate\" data-status=\"init\">\n<div style=\"display: none;\">\n<input type=\"hidden\" name=\"_wpcf7\" value=\"1997\" \/>\n<input type=\"hidden\" name=\"_wpcf7_version\" value=\"5.6.3\" \/>\n<input type=\"hidden\" name=\"_wpcf7_locale\" value=\"sk_SK\" \/>\n<input type=\"hidden\" name=\"_wpcf7_unit_tag\" value=\"wpcf7-f1997-o1\" \/>\n<input type=\"hidden\" name=\"_wpcf7_container_post\" value=\"0\" \/>\n<input type=\"hidden\" name=\"_wpcf7_posted_data_hash\" value=\"\" \/>\n<input type=\"hidden\" name=\"_wpcf7_recaptcha_response\" value=\"\" \/>\n<\/div>\n<p><span class=\"wpcf7-form-control-wrap\" data-name=\"your-name\"><input type=\"text\" name=\"your-name\" value=\"\" size=\"40\" class=\"wpcf7-form-control wpcf7-text wpcf7-validates-as-required\" aria-required=\"true\" aria-invalid=\"false\" placeholder=\"Ihr Name , Firmenname\" \/><\/span><\/p>\n<p><span class=\"wpcf7-form-control-wrap\" data-name=\"your-email\"><input type=\"email\" name=\"your-email\" value=\"\" size=\"40\" class=\"wpcf7-form-control wpcf7-text wpcf7-email wpcf7-validates-as-required wpcf7-validates-as-email\" aria-required=\"true\" aria-invalid=\"false\" placeholder=\"Ihre E-Mail\" \/><\/span><\/p>\n<p><span class=\"wpcf7-form-control-wrap\" data-name=\"your-tel\"><input type=\"text\" name=\"your-tel\" value=\"\" size=\"40\" class=\"wpcf7-form-control wpcf7-text wpcf7-validates-as-required\" aria-required=\"true\" aria-invalid=\"false\" placeholder=\"Ihr Telefon\" \/><\/span><\/p>\n<p><span class=\"wpcf7-form-control-wrap\" data-name=\"your-message\"><textarea name=\"your-message\" cols=\"40\" rows=\"10\" class=\"wpcf7-form-control wpcf7-textarea\" aria-invalid=\"false\" placeholder=\"Ihre Nachricht\"><\/textarea><\/span><\/p>\n<p><span class=\"wpcf7-form-control-wrap\" data-name=\"gdpr\"><span class=\"wpcf7-form-control wpcf7-acceptance\"><span class=\"wpcf7-list-item\"><label><input type=\"checkbox\" name=\"gdpr\" value=\"1\" aria-invalid=\"false\" class=\"contact-gdpr\" \/><span class=\"wpcf7-list-item-label\">Ich stimme <a href=\"\/de\/gdpr\/\" target=\"_blank\">der Verarbeitung personenbezogener Daten zu<\/a><\/span><\/label><\/span><\/span><\/span><\/p>\n<p><button type=\"submit\" class=\"nectar-button large regular\" value=\"Senden\"><span>Senden<\/span><\/button><\/p>\n<div class=\"wpcf7-response-output\" aria-hidden=\"true\"><\/div><\/form><\/div>[\/vc_column][vc_column column_padding=&#8220;no-extra-padding&#8220; column_padding_tablet=&#8220;inherit&#8220; column_padding_phone=&#8220;inherit&#8220; column_padding_position=&#8220;all&#8220; column_element_spacing=&#8220;default&#8220; background_color_opacity=&#8220;1&#8243; background_hover_color_opacity=&#8220;1&#8243; column_shadow=&#8220;none&#8220; column_border_radius=&#8220;none&#8220; column_link_target=&#8220;_self&#8220; column_position=&#8220;default&#8220; gradient_direction=&#8220;left_to_right&#8220; overlay_strength=&#8220;0.3&#8243; width=&#8220;1\/2&#8243; tablet_width_inherit=&#8220;default&#8220; tablet_text_alignment=&#8220;default&#8220; phone_text_alignment=&#8220;default&#8220; animation_type=&#8220;default&#8220; bg_image_animation=&#8220;none&#8220; border_type=&#8220;simple&#8220; column_border_width=&#8220;none&#8220; column_border_style=&#8220;solid&#8220;][vc_column_text el_class=&#8220;dark-text&#8220;]\n<h2>Wie erreichen sie uns?<\/h2>\n[\/vc_column_text][vc_column_text el_class=&#8220;dark-text&#8220;]\n<table class=\"doprava\" width=\"100%\">\n<tbody>\n<tr>\n<td><strong>Hauptb\u00fcro<\/strong><\/td>\n<td>Bratislava<\/td>\n<\/tr>\n<tr>\n<td><strong>Parkm\u00f6glichkeiten<\/strong><\/td>\n<td>Park Inn, Hotel Carlton<\/td>\n<\/tr>\n<tr>\n<td><strong>\u00d6ffentliche Verkehrsmittel<\/strong><\/td>\n<td>Haltestelle: Most SNP<br \/>\nStra\u00dfenbahn: 4<br \/>\nBusse: 29, 37, 50, 70, 88, 91, 191<\/td>\n<\/tr>\n<\/tbody>\n<\/table>\n[\/vc_column_text][vc_raw_html]JTNDaWZyYW1lJTIwc3JjJTNEJTIyaHR0cHMlM0ElMkYlMkZ3d3cuZ29vZ2xlLmNvbSUyRm1hcHMlMkZlbWJlZCUzRnBiJTNEJTIxMW0xOCUyMTFtMTIlMjExbTMlMjExZDI2NjIuNDAxMDkwOTAwMTA2MyUyMTJkMTcuMTA0OTk5OTE2MzA1MTQ3JTIxM2Q0OC4xNDEwNzIxNTIwMDIwMiUyMTJtMyUyMTFmMCUyMTJmMCUyMTNmMCUyMTNtMiUyMTFpMTAyNCUyMTJpNzY4JTIxNGYxMy4xJTIxM20zJTIxMW0yJTIxMXMweDQ3NmM4OTY4MWMyNGMxNmQlMjUzQTB4YjY4MzgxODAwMDViNjVhYSUyMTJzSHZpZXpkb3NsYXZvdm8lMkJuJTI1QzMlMjVBMW1lc3RpZSUyQjE4OSUyNTJGNyUyNTJDJTJCODExJTJCMDIlMkJCcmF0aXNsYXZhJTIxNWUwJTIxM20yJTIxMXNzayUyMTJzc2slMjE0djE1MzU5NzMxODEwOTAlMjIlMjB3aWR0aCUzRCUyMjEwMCUyNSUyMiUyMGhlaWdodCUzRCUyMjQwMCUyMiUyMGZyYW1lYm9yZGVyJTNEJTIyMCUyMiUyMHN0eWxlJTNEJTIyYm9yZGVyJTNBMCUyMiUyMGFsbG93ZnVsbHNjcmVlbiUzRSUzQyUyRmlmcmFtZSUzRQ==[\/vc_raw_html][vc_column_text el_class=&#8220;dark-text&#8220;]\n<table class=\"doprava\" width=\"100%\">\n<tbody>\n<tr>\n<td><strong>Niederlassung<\/strong><\/td>\n<td>Pre\u0161ov<\/td>\n<\/tr>\n<tr>\n<td><strong>\u00a0Parkm\u00f6glichkeiten<\/strong><\/td>\n<td>\u00d6ffentlicher geb\u00fchrenpflichtiger Parkplatz in den Stra\u00dfen Jarkov\u00e1 und Slovensk\u00e1, Einkaufszentrum OC Novum<\/td>\n<\/tr>\n<tr>\n<td><strong>\u00d6ffentliche Verkehrsmittel<\/strong><\/td>\n<td>Haltestelle: Na Hlavnej<br \/>\nBusse: 1, 2, 4, 5, 7, 8, 11, 12, 14, 15, 18, 21, 22, 23, 24, 27, 28, 29, 32, 36, 39, 41, 45<\/td>\n<\/tr>\n<\/tbody>\n<\/table>\n[\/vc_column_text][vc_raw_html]JTNDaWZyYW1lJTIwc3JjJTNEJTIyaHR0cHMlM0ElMkYlMkZ3d3cuZ29vZ2xlLmNvbSUyRm1hcHMlMkZlbWJlZCUzRnBiJTNEJTIxMW0xOCUyMTFtMTIlMjExbTMlMjExZDI2MTcuNzU3NTEyNDMzNjczNiUyMTJkMjEuMjM4NzIzOTY0NDMwNjYlMjEzZDQ4Ljk5NjE3MTg3OTEyNDE4JTIxMm0zJTIxMWYwJTIxMmYwJTIxM2YwJTIxM20yJTIxMWkxMDI0JTIxMmk3NjglMjE0ZjEzLjElMjEzbTMlMjExbTIlMjExczB4NDczZWVkN2NiYjBjMzBiOSUyNTNBMHgyMTM0MjFmNjdhY2I2MDlhJTIxMnpTR3hoZG03RG9TQXlPRGd5THpJekxDQXdPREFnTURFZ1VISmx4YUZ2ZGclMjE1ZTAlMjEzbTIlMjExc2VuJTIxMnNzayUyMTR2MTc1MDIzNjU0NTczMCUyMTVtMiUyMTFzZW4lMjEyc3NrJTIyJTIwd2lkdGglM0QlMjI2MDAlMjIlMjBoZWlnaHQlM0QlMjI0NTAlMjIlMjBzdHlsZSUzRCUyMmJvcmRlciUzQTAlM0IlMjIlMjBhbGxvd2Z1bGxzY3JlZW4lM0QlMjIlMjIlMjBsb2FkaW5nJTNEJTIybGF6eSUyMiUyMHJlZmVycmVycG9saWN5JTNEJTIybm8tcmVmZXJyZXItd2hlbi1kb3duZ3JhZGUlMjIlM0UlM0MlMkZpZnJhbWUlM0U=[\/vc_raw_html][\/vc_column][\/vc_row]\n","protected":false},"excerpt":{"rendered":"<p>[vc_row type=&#8220;full_width_background&#8220; full_screen_row_position=&#8220;middle&#8220; column_margin=&#8220;default&#8220; column_direction=&#8220;default&#8220; column_direction_tablet=&#8220;default&#8220; column_direction_phone=&#8220;default&#8220; bg_image=&#8220;5979&#8243; bg_image_tablet=&#8220;5975&#8243; bg_image_phone=&#8220;5975&#8243; bg_position=&#8220;center top&#8220; background_image_loading=&#8220;default&#8220; bg_repeat=&#8220;no-repeat&#8220; scene_position=&#8220;center&#8220;&#8230;<\/p>\n","protected":false},"author":1,"featured_media":0,"parent":0,"menu_order":0,"comment_status":"closed","ping_status":"closed","template":"","meta":{"inline_featured_image":false},"yoast_head":"<!-- This site is optimized with the Yoast SEO plugin v19.7.2 - https:\/\/yoast.com\/wordpress\/plugins\/seo\/ -->\n<title>Kontakt | EMINEO PARTNERS Bratislava &amp; Pre\u0161ov<\/title>\n<meta name=\"description\" content=\"Kontaktieren Sie EMINEO PARTNERS. Unsere B\u00fcros in Bratislava und Pre\u0161ov \u2013 Steuerberatung, Buchhaltung, Audit und Rechtsdienstleistungen.\" \/>\n<meta name=\"robots\" content=\"index, follow, max-snippet:-1, max-image-preview:large, max-video-preview:-1\" \/>\n<link rel=\"canonical\" href=\"https:\/\/www.emineopartners.sk\/de\/kontakt\/\" \/>\n<meta property=\"og:locale\" content=\"de_DE\" \/>\n<meta property=\"og:type\" content=\"article\" \/>\n<meta property=\"og:title\" content=\"Kontakt | EMINEO PARTNERS Bratislava &amp; Pre\u0161ov\" \/>\n<meta property=\"og:description\" content=\"Kontaktieren Sie EMINEO PARTNERS. Unsere B\u00fcros in Bratislava und Pre\u0161ov \u2013 Steuerberatung, Buchhaltung, Audit und Rechtsdienstleistungen.\" \/>\n<meta property=\"og:url\" content=\"https:\/\/www.emineopartners.sk\/de\/kontakt\/\" \/>\n<meta property=\"og:site_name\" content=\"Emineo Partners - Firmengr\u00fcndung, Steuerberatung, Legal\" \/>\n<meta property=\"article:modified_time\" content=\"2025-12-29T10:01:38+00:00\" \/>\n<meta name=\"twitter:card\" content=\"summary_large_image\" \/>\n<meta name=\"twitter:label1\" content=\"Gesch\u00e4tzte Lesezeit\" \/>\n\t<meta name=\"twitter:data1\" content=\"3 Minuten\" \/>\n<script type=\"application\/ld+json\" class=\"yoast-schema-graph\">{\"@context\":\"https:\/\/schema.org\",\"@graph\":[{\"@type\":\"WebPage\",\"@id\":\"https:\/\/www.emineopartners.sk\/de\/kontakt\/\",\"url\":\"https:\/\/www.emineopartners.sk\/de\/kontakt\/\",\"name\":\"Kontakt | EMINEO PARTNERS Bratislava & Pre\u0161ov\",\"isPartOf\":{\"@id\":\"https:\/\/www.emineopartners.sk\/#website\"},\"datePublished\":\"2018-08-29T07:48:50+00:00\",\"dateModified\":\"2025-12-29T10:01:38+00:00\",\"description\":\"Kontaktieren Sie EMINEO PARTNERS. Unsere B\u00fcros in Bratislava und Pre\u0161ov \u2013 Steuerberatung, Buchhaltung, Audit und Rechtsdienstleistungen.\",\"breadcrumb\":{\"@id\":\"https:\/\/www.emineopartners.sk\/de\/kontakt\/#breadcrumb\"},\"inLanguage\":\"de-DE\",\"potentialAction\":[{\"@type\":\"ReadAction\",\"target\":[\"https:\/\/www.emineopartners.sk\/de\/kontakt\/\"]}]},{\"@type\":\"BreadcrumbList\",\"@id\":\"https:\/\/www.emineopartners.sk\/de\/kontakt\/#breadcrumb\",\"itemListElement\":[{\"@type\":\"ListItem\",\"position\":1,\"name\":\"Home\",\"item\":\"https:\/\/www.emineopartners.sk\/de\/uvod\/\"},{\"@type\":\"ListItem\",\"position\":2,\"name\":\"Kontakt\"}]},{\"@type\":\"WebSite\",\"@id\":\"https:\/\/www.emineopartners.sk\/#website\",\"url\":\"https:\/\/www.emineopartners.sk\/\",\"name\":\"Emineo Partners - Firmengr\u00fcndung, Steuerberatung, Legal\",\"description\":\"Komplexn\u00e9 slu\u017eby v oblasti \u00fa\u010dtovn\u00edctva, spracovania miezd a dan\u00ed. Na\u0161e slu\u017eby sa vyzna\u010duj\u00fa vysokou kvalitou prevedenia.\",\"potentialAction\":[{\"@type\":\"SearchAction\",\"target\":{\"@type\":\"EntryPoint\",\"urlTemplate\":\"https:\/\/www.emineopartners.sk\/?s={search_term_string}\"},\"query-input\":\"required name=search_term_string\"}],\"inLanguage\":\"de-DE\"}]}<\/script>\n<!-- \/ Yoast SEO plugin. -->","yoast_head_json":{"title":"Kontakt | EMINEO PARTNERS Bratislava & Pre\u0161ov","description":"Kontaktieren Sie EMINEO PARTNERS. Unsere B\u00fcros in Bratislava und Pre\u0161ov \u2013 Steuerberatung, Buchhaltung, Audit und Rechtsdienstleistungen.","robots":{"index":"index","follow":"follow","max-snippet":"max-snippet:-1","max-image-preview":"max-image-preview:large","max-video-preview":"max-video-preview:-1"},"canonical":"https:\/\/www.emineopartners.sk\/de\/kontakt\/","og_locale":"de_DE","og_type":"article","og_title":"Kontakt | EMINEO PARTNERS Bratislava & Pre\u0161ov","og_description":"Kontaktieren Sie EMINEO PARTNERS. Unsere B\u00fcros in Bratislava und Pre\u0161ov \u2013 Steuerberatung, Buchhaltung, Audit und Rechtsdienstleistungen.","og_url":"https:\/\/www.emineopartners.sk\/de\/kontakt\/","og_site_name":"Emineo Partners - Firmengr\u00fcndung, Steuerberatung, Legal","article_modified_time":"2025-12-29T10:01:38+00:00","twitter_card":"summary_large_image","twitter_misc":{"Gesch\u00e4tzte Lesezeit":"3 Minuten"},"schema":{"@context":"https:\/\/schema.org","@graph":[{"@type":"WebPage","@id":"https:\/\/www.emineopartners.sk\/de\/kontakt\/","url":"https:\/\/www.emineopartners.sk\/de\/kontakt\/","name":"Kontakt | EMINEO PARTNERS Bratislava & Pre\u0161ov","isPartOf":{"@id":"https:\/\/www.emineopartners.sk\/#website"},"datePublished":"2018-08-29T07:48:50+00:00","dateModified":"2025-12-29T10:01:38+00:00","description":"Kontaktieren Sie EMINEO PARTNERS. Unsere B\u00fcros in Bratislava und Pre\u0161ov \u2013 Steuerberatung, Buchhaltung, Audit und Rechtsdienstleistungen.","breadcrumb":{"@id":"https:\/\/www.emineopartners.sk\/de\/kontakt\/#breadcrumb"},"inLanguage":"de-DE","potentialAction":[{"@type":"ReadAction","target":["https:\/\/www.emineopartners.sk\/de\/kontakt\/"]}]},{"@type":"BreadcrumbList","@id":"https:\/\/www.emineopartners.sk\/de\/kontakt\/#breadcrumb","itemListElement":[{"@type":"ListItem","position":1,"name":"Home","item":"https:\/\/www.emineopartners.sk\/de\/uvod\/"},{"@type":"ListItem","position":2,"name":"Kontakt"}]},{"@type":"WebSite","@id":"https:\/\/www.emineopartners.sk\/#website","url":"https:\/\/www.emineopartners.sk\/","name":"Emineo Partners - Firmengr\u00fcndung, Steuerberatung, Legal","description":"Komplexn\u00e9 slu\u017eby v oblasti \u00fa\u010dtovn\u00edctva, spracovania miezd a dan\u00ed. Na\u0161e slu\u017eby sa vyzna\u010duj\u00fa vysokou kvalitou prevedenia.","potentialAction":[{"@type":"SearchAction","target":{"@type":"EntryPoint","urlTemplate":"https:\/\/www.emineopartners.sk\/?s={search_term_string}"},"query-input":"required name=search_term_string"}],"inLanguage":"de-DE"}]}},"_links":{"self":[{"href":"https:\/\/www.emineopartners.sk\/de\/wp-json\/wp\/v2\/pages\/258"}],"collection":[{"href":"https:\/\/www.emineopartners.sk\/de\/wp-json\/wp\/v2\/pages"}],"about":[{"href":"https:\/\/www.emineopartners.sk\/de\/wp-json\/wp\/v2\/types\/page"}],"author":[{"embeddable":true,"href":"https:\/\/www.emineopartners.sk\/de\/wp-json\/wp\/v2\/users\/1"}],"replies":[{"embeddable":true,"href":"https:\/\/www.emineopartners.sk\/de\/wp-json\/wp\/v2\/comments?post=258"}],"version-history":[{"count":15,"href":"https:\/\/www.emineopartners.sk\/de\/wp-json\/wp\/v2\/pages\/258\/revisions"}],"predecessor-version":[{"id":9379,"href":"https:\/\/www.emineopartners.sk\/de\/wp-json\/wp\/v2\/pages\/258\/revisions\/9379"}],"wp:attachment":[{"href":"https:\/\/www.emineopartners.sk\/de\/wp-json\/wp\/v2\/media?parent=258"}],"curies":[{"name":"wp","href":"https:\/\/api.w.org\/{rel}","templated":true}]}}