{"id":9216,"date":"2025-12-03T12:16:41","date_gmt":"2025-12-03T11:16:41","guid":{"rendered":"https:\/\/www.emineopartners.sk\/?page_id=9216"},"modified":"2025-12-03T12:22:39","modified_gmt":"2025-12-03T11:22:39","slug":"agb-beratungsdienstleistungen","status":"publish","type":"page","link":"https:\/\/www.emineopartners.sk\/de\/agb-beratungsdienstleistungen\/","title":{"rendered":"AGB \u2013 Beratungsdienstleistungen"},"content":{"rendered":"[vc_row type=&#8220;in_container&#8220; full_screen_row_position=&#8220;middle&#8220; column_margin=&#8220;default&#8220; column_direction=&#8220;default&#8220; column_direction_tablet=&#8220;default&#8220; column_direction_phone=&#8220;default&#8220; scene_position=&#8220;center&#8220; text_color=&#8220;dark&#8220; text_align=&#8220;left&#8220; row_border_radius=&#8220;none&#8220; row_border_radius_applies=&#8220;bg&#8220; overflow=&#8220;visible&#8220; overlay_strength=&#8220;0.3&#8243; gradient_direction=&#8220;left_to_right&#8220; shape_divider_position=&#8220;bottom&#8220; bg_image_animation=&#8220;none&#8220;][vc_column column_padding=&#8220;no-extra-padding&#8220; column_padding_tablet=&#8220;inherit&#8220; column_padding_phone=&#8220;inherit&#8220; column_padding_position=&#8220;all&#8220; column_element_spacing=&#8220;default&#8220; background_color_opacity=&#8220;1&#8243; background_hover_color_opacity=&#8220;1&#8243; column_shadow=&#8220;none&#8220; column_border_radius=&#8220;none&#8220; column_link_target=&#8220;_self&#8220; column_position=&#8220;default&#8220; gradient_direction=&#8220;left_to_right&#8220; overlay_strength=&#8220;0.3&#8243; width=&#8220;1\/1&#8243; tablet_width_inherit=&#8220;default&#8220; tablet_text_alignment=&#8220;default&#8220; phone_text_alignment=&#8220;default&#8220; animation_type=&#8220;default&#8220; bg_image_animation=&#8220;none&#8220; border_type=&#8220;simple&#8220; column_border_width=&#8220;none&#8220; column_border_style=&#8220;solid&#8220;][vc_column_text]<a href=\"https:\/\/www.emineopartners.sk\/wp-content\/uploads\/2025\/12\/VOP-o-poskytovani-sluzieb-NEJ-1.pdf\" class=\"pdfemb-viewer\" style=\"\" data-width=\"max\" data-height=\"max\"  data-toolbar=\"bottom\" data-toolbar-fixed=\"off\">VOP o poskytovan\u00ed slu\u017eieb NEJ<br\/><\/a>[\/vc_column_text][\/vc_column][\/vc_row]\n","protected":false},"excerpt":{"rendered":"<p>[vc_row type=&#8220;in_container&#8220; full_screen_row_position=&#8220;middle&#8220; column_margin=&#8220;default&#8220; column_direction=&#8220;default&#8220; column_direction_tablet=&#8220;default&#8220; column_direction_phone=&#8220;default&#8220; scene_position=&#8220;center&#8220; text_color=&#8220;dark&#8220; text_align=&#8220;left&#8220; row_border_radius=&#8220;none&#8220; row_border_radius_applies=&#8220;bg&#8220; overflow=&#8220;visible&#8220; overlay_strength=&#8220;0.3&#8243; gradient_direction=&#8220;left_to_right&#8220;&#8230;<\/p>\n","protected":false},"author":6,"featured_media":0,"parent":0,"menu_order":0,"comment_status":"closed","ping_status":"closed","template":"","meta":{"inline_featured_image":false},"yoast_head":"<!-- This site is optimized with the Yoast SEO plugin v19.7.2 - https:\/\/yoast.com\/wordpress\/plugins\/seo\/ -->\n<title>AGB \u2013 Beratungsdienstleistungen - Emineo Partners - Firmengr\u00fcndung, Steuerberatung, Legal<\/title>\n<meta name=\"robots\" content=\"index, follow, max-snippet:-1, max-image-preview:large, max-video-preview:-1\" \/>\n<link rel=\"canonical\" href=\"https:\/\/www.emineopartners.sk\/de\/agb-beratungsdienstleistungen\/\" \/>\n<meta property=\"og:locale\" content=\"de_DE\" \/>\n<meta property=\"og:type\" content=\"article\" \/>\n<meta property=\"og:title\" content=\"AGB \u2013 Beratungsdienstleistungen - Emineo Partners - Firmengr\u00fcndung, Steuerberatung, Legal\" \/>\n<meta property=\"og:description\" content=\"[vc_row type=&#8220;in_container&#8220; full_screen_row_position=&#8220;middle&#8220; column_margin=&#8220;default&#8220; column_direction=&#8220;default&#8220; column_direction_tablet=&#8220;default&#8220; column_direction_phone=&#8220;default&#8220; scene_position=&#8220;center&#8220; text_color=&#8220;dark&#8220; text_align=&#8220;left&#8220; row_border_radius=&#8220;none&#8220; row_border_radius_applies=&#8220;bg&#8220; overflow=&#8220;visible&#8220; overlay_strength=&#8220;0.3&#8243; gradient_direction=&#8220;left_to_right&#8220;...\" \/>\n<meta property=\"og:url\" content=\"https:\/\/www.emineopartners.sk\/de\/agb-beratungsdienstleistungen\/\" \/>\n<meta property=\"og:site_name\" content=\"Emineo Partners - Firmengr\u00fcndung, Steuerberatung, Legal\" \/>\n<meta property=\"article:modified_time\" content=\"2025-12-03T11:22:39+00:00\" \/>\n<meta name=\"twitter:card\" content=\"summary_large_image\" \/>\n<meta name=\"twitter:label1\" content=\"Gesch\u00e4tzte Lesezeit\" \/>\n\t<meta name=\"twitter:data1\" content=\"1 Minute\" \/>\n<script type=\"application\/ld+json\" class=\"yoast-schema-graph\">{\"@context\":\"https:\/\/schema.org\",\"@graph\":[{\"@type\":\"WebPage\",\"@id\":\"https:\/\/www.emineopartners.sk\/de\/agb-beratungsdienstleistungen\/\",\"url\":\"https:\/\/www.emineopartners.sk\/de\/agb-beratungsdienstleistungen\/\",\"name\":\"AGB \u2013 Beratungsdienstleistungen - Emineo Partners - Firmengr\u00fcndung, Steuerberatung, Legal\",\"isPartOf\":{\"@id\":\"https:\/\/www.emineopartners.sk\/#website\"},\"datePublished\":\"2025-12-03T11:16:41+00:00\",\"dateModified\":\"2025-12-03T11:22:39+00:00\",\"breadcrumb\":{\"@id\":\"https:\/\/www.emineopartners.sk\/de\/agb-beratungsdienstleistungen\/#breadcrumb\"},\"inLanguage\":\"de-DE\",\"potentialAction\":[{\"@type\":\"ReadAction\",\"target\":[\"https:\/\/www.emineopartners.sk\/de\/agb-beratungsdienstleistungen\/\"]}]},{\"@type\":\"BreadcrumbList\",\"@id\":\"https:\/\/www.emineopartners.sk\/de\/agb-beratungsdienstleistungen\/#breadcrumb\",\"itemListElement\":[{\"@type\":\"ListItem\",\"position\":1,\"name\":\"Home\",\"item\":\"https:\/\/www.emineopartners.sk\/de\/uvod\/\"},{\"@type\":\"ListItem\",\"position\":2,\"name\":\"AGB \u2013 Beratungsdienstleistungen\"}]},{\"@type\":\"WebSite\",\"@id\":\"https:\/\/www.emineopartners.sk\/#website\",\"url\":\"https:\/\/www.emineopartners.sk\/\",\"name\":\"Emineo Partners - Firmengr\u00fcndung, Steuerberatung, Legal\",\"description\":\"Komplexn\u00e9 slu\u017eby v oblasti \u00fa\u010dtovn\u00edctva, spracovania miezd a dan\u00ed. Na\u0161e slu\u017eby sa vyzna\u010duj\u00fa vysokou kvalitou prevedenia.\",\"potentialAction\":[{\"@type\":\"SearchAction\",\"target\":{\"@type\":\"EntryPoint\",\"urlTemplate\":\"https:\/\/www.emineopartners.sk\/?s={search_term_string}\"},\"query-input\":\"required name=search_term_string\"}],\"inLanguage\":\"de-DE\"}]}<\/script>\n<!-- \/ Yoast SEO plugin. -->","yoast_head_json":{"title":"AGB \u2013 Beratungsdienstleistungen - Emineo Partners - Firmengr\u00fcndung, Steuerberatung, Legal","robots":{"index":"index","follow":"follow","max-snippet":"max-snippet:-1","max-image-preview":"max-image-preview:large","max-video-preview":"max-video-preview:-1"},"canonical":"https:\/\/www.emineopartners.sk\/de\/agb-beratungsdienstleistungen\/","og_locale":"de_DE","og_type":"article","og_title":"AGB \u2013 Beratungsdienstleistungen - Emineo Partners - Firmengr\u00fcndung, Steuerberatung, Legal","og_description":"[vc_row type=&#8220;in_container&#8220; full_screen_row_position=&#8220;middle&#8220; column_margin=&#8220;default&#8220; column_direction=&#8220;default&#8220; column_direction_tablet=&#8220;default&#8220; column_direction_phone=&#8220;default&#8220; scene_position=&#8220;center&#8220; text_color=&#8220;dark&#8220; text_align=&#8220;left&#8220; row_border_radius=&#8220;none&#8220; row_border_radius_applies=&#8220;bg&#8220; overflow=&#8220;visible&#8220; overlay_strength=&#8220;0.3&#8243; gradient_direction=&#8220;left_to_right&#8220;...","og_url":"https:\/\/www.emineopartners.sk\/de\/agb-beratungsdienstleistungen\/","og_site_name":"Emineo Partners - Firmengr\u00fcndung, Steuerberatung, Legal","article_modified_time":"2025-12-03T11:22:39+00:00","twitter_card":"summary_large_image","twitter_misc":{"Gesch\u00e4tzte Lesezeit":"1 Minute"},"schema":{"@context":"https:\/\/schema.org","@graph":[{"@type":"WebPage","@id":"https:\/\/www.emineopartners.sk\/de\/agb-beratungsdienstleistungen\/","url":"https:\/\/www.emineopartners.sk\/de\/agb-beratungsdienstleistungen\/","name":"AGB \u2013 Beratungsdienstleistungen - Emineo Partners - Firmengr\u00fcndung, Steuerberatung, Legal","isPartOf":{"@id":"https:\/\/www.emineopartners.sk\/#website"},"datePublished":"2025-12-03T11:16:41+00:00","dateModified":"2025-12-03T11:22:39+00:00","breadcrumb":{"@id":"https:\/\/www.emineopartners.sk\/de\/agb-beratungsdienstleistungen\/#breadcrumb"},"inLanguage":"de-DE","potentialAction":[{"@type":"ReadAction","target":["https:\/\/www.emineopartners.sk\/de\/agb-beratungsdienstleistungen\/"]}]},{"@type":"BreadcrumbList","@id":"https:\/\/www.emineopartners.sk\/de\/agb-beratungsdienstleistungen\/#breadcrumb","itemListElement":[{"@type":"ListItem","position":1,"name":"Home","item":"https:\/\/www.emineopartners.sk\/de\/uvod\/"},{"@type":"ListItem","position":2,"name":"AGB \u2013 Beratungsdienstleistungen"}]},{"@type":"WebSite","@id":"https:\/\/www.emineopartners.sk\/#website","url":"https:\/\/www.emineopartners.sk\/","name":"Emineo Partners - Firmengr\u00fcndung, Steuerberatung, Legal","description":"Komplexn\u00e9 slu\u017eby v oblasti \u00fa\u010dtovn\u00edctva, spracovania miezd a dan\u00ed. Na\u0161e slu\u017eby sa vyzna\u010duj\u00fa vysokou kvalitou prevedenia.","potentialAction":[{"@type":"SearchAction","target":{"@type":"EntryPoint","urlTemplate":"https:\/\/www.emineopartners.sk\/?s={search_term_string}"},"query-input":"required name=search_term_string"}],"inLanguage":"de-DE"}]}},"_links":{"self":[{"href":"https:\/\/www.emineopartners.sk\/de\/wp-json\/wp\/v2\/pages\/9216"}],"collection":[{"href":"https:\/\/www.emineopartners.sk\/de\/wp-json\/wp\/v2\/pages"}],"about":[{"href":"https:\/\/www.emineopartners.sk\/de\/wp-json\/wp\/v2\/types\/page"}],"author":[{"embeddable":true,"href":"https:\/\/www.emineopartners.sk\/de\/wp-json\/wp\/v2\/users\/6"}],"replies":[{"embeddable":true,"href":"https:\/\/www.emineopartners.sk\/de\/wp-json\/wp\/v2\/comments?post=9216"}],"version-history":[{"count":3,"href":"https:\/\/www.emineopartners.sk\/de\/wp-json\/wp\/v2\/pages\/9216\/revisions"}],"predecessor-version":[{"id":9233,"href":"https:\/\/www.emineopartners.sk\/de\/wp-json\/wp\/v2\/pages\/9216\/revisions\/9233"}],"wp:attachment":[{"href":"https:\/\/www.emineopartners.sk\/de\/wp-json\/wp\/v2\/media?parent=9216"}],"curies":[{"name":"wp","href":"https:\/\/api.w.org\/{rel}","templated":true}]}}