{"id":2138,"date":"2019-02-05T09:38:08","date_gmt":"2019-02-05T08:38:08","guid":{"rendered":"https:\/\/www.emineopartners.sk\/gdpr\/"},"modified":"2025-12-02T16:39:35","modified_gmt":"2025-12-02T15:39:35","slug":"gdpr","status":"publish","type":"page","link":"https:\/\/www.emineopartners.sk\/en\/gdpr\/","title":{"rendered":"GDPR"},"content":{"rendered":"[vc_row type=&#8221;in_container&#8221; full_screen_row_position=&#8221;middle&#8221; column_margin=&#8221;default&#8221; column_direction=&#8221;default&#8221; column_direction_tablet=&#8221;default&#8221; column_direction_phone=&#8221;default&#8221; scene_position=&#8221;center&#8221; text_color=&#8221;dark&#8221; text_align=&#8221;left&#8221; row_border_radius=&#8221;none&#8221; row_border_radius_applies=&#8221;bg&#8221; overflow=&#8221;visible&#8221; overlay_strength=&#8221;0.3&#8243; gradient_direction=&#8221;left_to_right&#8221; shape_divider_position=&#8221;bottom&#8221; bg_image_animation=&#8221;none&#8221;][vc_column column_padding=&#8221;no-extra-padding&#8221; column_padding_tablet=&#8221;inherit&#8221; column_padding_phone=&#8221;inherit&#8221; column_padding_position=&#8221;all&#8221; column_element_spacing=&#8221;default&#8221; background_color_opacity=&#8221;1&#8243; background_hover_color_opacity=&#8221;1&#8243; column_shadow=&#8221;none&#8221; column_border_radius=&#8221;none&#8221; column_link_target=&#8221;_self&#8221; column_position=&#8221;default&#8221; gradient_direction=&#8221;left_to_right&#8221; overlay_strength=&#8221;0.3&#8243; width=&#8221;1\/1&#8243; tablet_width_inherit=&#8221;default&#8221; tablet_text_alignment=&#8221;default&#8221; phone_text_alignment=&#8221;default&#8221; animation_type=&#8221;default&#8221; bg_image_animation=&#8221;none&#8221; border_type=&#8221;simple&#8221; column_border_width=&#8221;none&#8221; column_border_style=&#8221;solid&#8221;][vc_column_text]<a href=\"https:\/\/www.emineopartners.sk\/wp-content\/uploads\/2025\/12\/VZOR_ANJ_Zmluva-GDPR_EPAS.pdf\" class=\"pdfemb-viewer\" style=\"\" data-width=\"max\" data-height=\"max\"  data-toolbar=\"bottom\" data-toolbar-fixed=\"off\">VZOR_ANJ_Zmluva GDPR_EPAS<br\/><\/a>[\/vc_column_text][\/vc_column][\/vc_row]\n","protected":false},"excerpt":{"rendered":"<p>[vc_row type=&#8221;in_container&#8221; full_screen_row_position=&#8221;middle&#8221; column_margin=&#8221;default&#8221; column_direction=&#8221;default&#8221; column_direction_tablet=&#8221;default&#8221; column_direction_phone=&#8221;default&#8221; scene_position=&#8221;center&#8221; text_color=&#8221;dark&#8221; text_align=&#8221;left&#8221; row_border_radius=&#8221;none&#8221; row_border_radius_applies=&#8221;bg&#8221; overflow=&#8221;visible&#8221; overlay_strength=&#8221;0.3&#8243; gradient_direction=&#8221;left_to_right&#8221;&#8230;<\/p>\n","protected":false},"author":1,"featured_media":0,"parent":0,"menu_order":0,"comment_status":"closed","ping_status":"closed","template":"","meta":{"inline_featured_image":false},"yoast_head":"<!-- This site is optimized with the Yoast SEO plugin v19.7.2 - https:\/\/yoast.com\/wordpress\/plugins\/seo\/ -->\n<title>GDPR - Emineo Partners - Finance, Audit &amp; Tax, Legal<\/title>\n<meta name=\"description\" content=\"GUIDANCE NOTE ON REQUESTS TO EXERCISE DATA SUBJECTS RIGHTS - according to Act. No. 18\/2018 Coll. about general data protection rights\" \/>\n<meta name=\"robots\" content=\"index, follow, max-snippet:-1, max-image-preview:large, max-video-preview:-1\" \/>\n<link rel=\"canonical\" href=\"https:\/\/www.emineopartners.sk\/en\/gdpr\/\" \/>\n<meta property=\"og:locale\" content=\"en_US\" \/>\n<meta property=\"og:type\" content=\"article\" \/>\n<meta property=\"og:title\" content=\"GDPR - Emineo Partners - Finance, Audit &amp; Tax, Legal\" \/>\n<meta property=\"og:description\" content=\"GUIDANCE NOTE ON REQUESTS TO EXERCISE DATA SUBJECTS RIGHTS - according to Act. No. 18\/2018 Coll. about general data protection rights\" \/>\n<meta property=\"og:url\" content=\"https:\/\/www.emineopartners.sk\/en\/gdpr\/\" \/>\n<meta property=\"og:site_name\" content=\"Emineo Partners - Finance, Audit &amp; Tax, Legal\" \/>\n<meta property=\"article:modified_time\" content=\"2025-12-02T15:39:35+00:00\" \/>\n<meta name=\"twitter:card\" content=\"summary_large_image\" \/>\n<meta name=\"twitter:label1\" content=\"Est. reading time\" \/>\n\t<meta name=\"twitter:data1\" content=\"1 minute\" \/>\n<script type=\"application\/ld+json\" class=\"yoast-schema-graph\">{\"@context\":\"https:\/\/schema.org\",\"@graph\":[{\"@type\":\"WebPage\",\"@id\":\"https:\/\/www.emineopartners.sk\/en\/gdpr\/\",\"url\":\"https:\/\/www.emineopartners.sk\/en\/gdpr\/\",\"name\":\"GDPR - Emineo Partners - Finance, Audit &amp; Tax, Legal\",\"isPartOf\":{\"@id\":\"https:\/\/www.emineopartners.sk\/#website\"},\"datePublished\":\"2019-02-05T08:38:08+00:00\",\"dateModified\":\"2025-12-02T15:39:35+00:00\",\"description\":\"GUIDANCE NOTE ON REQUESTS TO EXERCISE DATA SUBJECTS RIGHTS - according to Act. No. 18\/2018 Coll. about general data protection rights\",\"breadcrumb\":{\"@id\":\"https:\/\/www.emineopartners.sk\/en\/gdpr\/#breadcrumb\"},\"inLanguage\":\"en-US\",\"potentialAction\":[{\"@type\":\"ReadAction\",\"target\":[\"https:\/\/www.emineopartners.sk\/en\/gdpr\/\"]}]},{\"@type\":\"BreadcrumbList\",\"@id\":\"https:\/\/www.emineopartners.sk\/en\/gdpr\/#breadcrumb\",\"itemListElement\":[{\"@type\":\"ListItem\",\"position\":1,\"name\":\"Home\",\"item\":\"https:\/\/www.emineopartners.sk\/en\/uvod\/\"},{\"@type\":\"ListItem\",\"position\":2,\"name\":\"GDPR\"}]},{\"@type\":\"WebSite\",\"@id\":\"https:\/\/www.emineopartners.sk\/#website\",\"url\":\"https:\/\/www.emineopartners.sk\/\",\"name\":\"Emineo Partners - Finance, Audit &amp; Tax, Legal\",\"description\":\"Poskytujeme komplexn\u00e9 slu\u017eby v oblasti \u00fa\u010dtovn\u00edctva, spracovania miezd a dan\u00ed. Na\u0161e slu\u017eby sa vyzna\u010duj\u00fa vysokou kvalitou prevedenia.\",\"potentialAction\":[{\"@type\":\"SearchAction\",\"target\":{\"@type\":\"EntryPoint\",\"urlTemplate\":\"https:\/\/www.emineopartners.sk\/?s={search_term_string}\"},\"query-input\":\"required name=search_term_string\"}],\"inLanguage\":\"en-US\"}]}<\/script>\n<!-- \/ Yoast SEO plugin. -->","yoast_head_json":{"title":"GDPR - Emineo Partners - Finance, Audit &amp; Tax, Legal","description":"GUIDANCE NOTE ON REQUESTS TO EXERCISE DATA SUBJECTS RIGHTS - according to Act. No. 18\/2018 Coll. about general data protection rights","robots":{"index":"index","follow":"follow","max-snippet":"max-snippet:-1","max-image-preview":"max-image-preview:large","max-video-preview":"max-video-preview:-1"},"canonical":"https:\/\/www.emineopartners.sk\/en\/gdpr\/","og_locale":"en_US","og_type":"article","og_title":"GDPR - Emineo Partners - Finance, Audit &amp; Tax, Legal","og_description":"GUIDANCE NOTE ON REQUESTS TO EXERCISE DATA SUBJECTS RIGHTS - according to Act. No. 18\/2018 Coll. about general data protection rights","og_url":"https:\/\/www.emineopartners.sk\/en\/gdpr\/","og_site_name":"Emineo Partners - Finance, Audit &amp; Tax, Legal","article_modified_time":"2025-12-02T15:39:35+00:00","twitter_card":"summary_large_image","twitter_misc":{"Est. reading time":"1 minute"},"schema":{"@context":"https:\/\/schema.org","@graph":[{"@type":"WebPage","@id":"https:\/\/www.emineopartners.sk\/en\/gdpr\/","url":"https:\/\/www.emineopartners.sk\/en\/gdpr\/","name":"GDPR - Emineo Partners - Finance, Audit &amp; Tax, Legal","isPartOf":{"@id":"https:\/\/www.emineopartners.sk\/#website"},"datePublished":"2019-02-05T08:38:08+00:00","dateModified":"2025-12-02T15:39:35+00:00","description":"GUIDANCE NOTE ON REQUESTS TO EXERCISE DATA SUBJECTS RIGHTS - according to Act. No. 18\/2018 Coll. about general data protection rights","breadcrumb":{"@id":"https:\/\/www.emineopartners.sk\/en\/gdpr\/#breadcrumb"},"inLanguage":"en-US","potentialAction":[{"@type":"ReadAction","target":["https:\/\/www.emineopartners.sk\/en\/gdpr\/"]}]},{"@type":"BreadcrumbList","@id":"https:\/\/www.emineopartners.sk\/en\/gdpr\/#breadcrumb","itemListElement":[{"@type":"ListItem","position":1,"name":"Home","item":"https:\/\/www.emineopartners.sk\/en\/uvod\/"},{"@type":"ListItem","position":2,"name":"GDPR"}]},{"@type":"WebSite","@id":"https:\/\/www.emineopartners.sk\/#website","url":"https:\/\/www.emineopartners.sk\/","name":"Emineo Partners - Finance, Audit &amp; Tax, Legal","description":"Poskytujeme komplexn\u00e9 slu\u017eby v oblasti \u00fa\u010dtovn\u00edctva, spracovania miezd a dan\u00ed. Na\u0161e slu\u017eby sa vyzna\u010duj\u00fa vysokou kvalitou prevedenia.","potentialAction":[{"@type":"SearchAction","target":{"@type":"EntryPoint","urlTemplate":"https:\/\/www.emineopartners.sk\/?s={search_term_string}"},"query-input":"required name=search_term_string"}],"inLanguage":"en-US"}]}},"_links":{"self":[{"href":"https:\/\/www.emineopartners.sk\/en\/wp-json\/wp\/v2\/pages\/2138"}],"collection":[{"href":"https:\/\/www.emineopartners.sk\/en\/wp-json\/wp\/v2\/pages"}],"about":[{"href":"https:\/\/www.emineopartners.sk\/en\/wp-json\/wp\/v2\/types\/page"}],"author":[{"embeddable":true,"href":"https:\/\/www.emineopartners.sk\/en\/wp-json\/wp\/v2\/users\/1"}],"replies":[{"embeddable":true,"href":"https:\/\/www.emineopartners.sk\/en\/wp-json\/wp\/v2\/comments?post=2138"}],"version-history":[{"count":6,"href":"https:\/\/www.emineopartners.sk\/en\/wp-json\/wp\/v2\/pages\/2138\/revisions"}],"predecessor-version":[{"id":9176,"href":"https:\/\/www.emineopartners.sk\/en\/wp-json\/wp\/v2\/pages\/2138\/revisions\/9176"}],"wp:attachment":[{"href":"https:\/\/www.emineopartners.sk\/en\/wp-json\/wp\/v2\/media?parent=2138"}],"curies":[{"name":"wp","href":"https:\/\/api.w.org\/{rel}","templated":true}]}}