{"id":256,"date":"2018-08-29T09:48:50","date_gmt":"2018-08-29T07:48:50","guid":{"rendered":"http:\/\/emineo.vytvoreniestranky.sk\/kontakt\/"},"modified":"2025-06-18T17:06:33","modified_gmt":"2025-06-18T15:06:33","slug":"contact","status":"publish","type":"page","link":"https:\/\/www.emineopartners.sk\/en\/contact\/","title":{"rendered":"Contact"},"content":{"rendered":"[vc_row type=&#8221;full_width_background&#8221; full_screen_row_position=&#8221;middle&#8221; column_margin=&#8221;default&#8221; column_direction=&#8221;default&#8221; column_direction_tablet=&#8221;default&#8221; column_direction_phone=&#8221;default&#8221; bg_image=&#8221;5979&#8243; bg_image_tablet=&#8221;5975&#8243; bg_image_phone=&#8221;5975&#8243; bg_position=&#8221;center top&#8221; background_image_loading=&#8221;default&#8221; bg_repeat=&#8221;no-repeat&#8221; scene_position=&#8221;center&#8221; top_padding=&#8221;120&#8243; bottom_padding=&#8221;50&#8243; top_padding_tablet=&#8221;40&#8243; bottom_padding_tablet=&#8221;40&#8243; top_padding_phone=&#8221;40&#8243; bottom_padding_phone=&#8221;40&#8243; text_color=&#8221;light&#8221; text_align=&#8221;left&#8221; row_border_radius=&#8221;none&#8221; row_border_radius_applies=&#8221;bg&#8221; overflow=&#8221;visible&#8221; class=&#8221;contact&#8221; advanced_gradient_angle=&#8221;0&#8243; overlay_strength=&#8221;0.3&#8243; gradient_direction=&#8221;left_to_right&#8221; shape_divider_position=&#8221;bottom&#8221; bg_image_animation=&#8221;none&#8221; gradient_type=&#8221;default&#8221; shape_type=&#8221;&#8221;][vc_column column_padding=&#8221;no-extra-padding&#8221; column_padding_tablet=&#8221;inherit&#8221; column_padding_phone=&#8221;inherit&#8221; column_padding_position=&#8221;all&#8221; column_element_spacing=&#8221;default&#8221; background_color_opacity=&#8221;1&#8243; background_hover_color_opacity=&#8221;1&#8243; font_color=&#8221;#ffffff&#8221; column_shadow=&#8221;none&#8221; column_border_radius=&#8221;none&#8221; column_link_target=&#8221;_self&#8221; column_position=&#8221;default&#8221; advanced_gradient_angle=&#8221;0&#8243; gradient_direction=&#8221;left_to_right&#8221; overlay_strength=&#8221;0.3&#8243; width=&#8221;1\/1&#8243; tablet_width_inherit=&#8221;default&#8221; tablet_text_alignment=&#8221;default&#8221; phone_text_alignment=&#8221;default&#8221; animation_type=&#8221;default&#8221; bg_image_animation=&#8221;none&#8221; border_type=&#8221;simple&#8221; column_border_width=&#8221;none&#8221; column_border_style=&#8221;solid&#8221; gradient_type=&#8221;default&#8221;][vc_column_text]\n<h1>If you have any questions, do not hesitate to contact us<\/h1>\n[\/vc_column_text][divider line_type=&#8221;No Line&#8221; custom_height=&#8221;50&#8243; custom_height_tablet=&#8221;0&#8243; custom_height_phone=&#8221;0&#8243;][vc_row_inner column_margin=&#8221;default&#8221; column_direction=&#8221;default&#8221; column_direction_tablet=&#8221;default&#8221; column_direction_phone=&#8221;default&#8221; text_align=&#8221;left&#8221; row_position=&#8221;default&#8221; row_position_tablet=&#8221;inherit&#8221; row_position_phone=&#8221;inherit&#8221; overflow=&#8221;visible&#8221; pointer_events=&#8221;all&#8221;][vc_column_inner column_padding=&#8221;no-extra-padding&#8221; column_padding_tablet=&#8221;inherit&#8221; column_padding_phone=&#8221;inherit&#8221; column_padding_position=&#8221;all&#8221; column_element_spacing=&#8221;default&#8221; background_color_opacity=&#8221;1&#8243; background_hover_color_opacity=&#8221;1&#8243; column_shadow=&#8221;none&#8221; column_border_radius=&#8221;none&#8221; column_link_target=&#8221;_self&#8221; gradient_direction=&#8221;left_to_right&#8221; overlay_strength=&#8221;0.3&#8243; width=&#8221;1\/3&#8243; tablet_width_inherit=&#8221;default&#8221; animation_type=&#8221;default&#8221; bg_image_animation=&#8221;none&#8221; border_type=&#8221;simple&#8221; column_border_width=&#8221;none&#8221; column_border_style=&#8221;solid&#8221;][vc_column_text el_class=&#8221;title-with-icon adresa&#8221;]Address[\/vc_column_text][vc_column_text]\n<h3>Main Office Bratislava<\/h3>\n<p>EMINEO PARTNERS<br \/>\nHviezdoslavovo n\u00e1mestie 7<br \/>\nBratislava<br \/>\n811 02[\/vc_column_text][\/vc_column_inner][vc_column_inner column_padding=&#8221;no-extra-padding&#8221; column_padding_tablet=&#8221;inherit&#8221; column_padding_phone=&#8221;inherit&#8221; column_padding_position=&#8221;all&#8221; column_element_spacing=&#8221;default&#8221; background_color_opacity=&#8221;1&#8243; background_hover_color_opacity=&#8221;1&#8243; column_shadow=&#8221;none&#8221; column_border_radius=&#8221;none&#8221; column_link_target=&#8221;_self&#8221; gradient_direction=&#8221;left_to_right&#8221; overlay_strength=&#8221;0.3&#8243; width=&#8221;1\/3&#8243; tablet_width_inherit=&#8221;default&#8221; animation_type=&#8221;default&#8221; bg_image_animation=&#8221;none&#8221; border_type=&#8221;simple&#8221; column_border_width=&#8221;none&#8221; column_border_style=&#8221;solid&#8221;][vc_column_text el_class=&#8221;title-with-icon telefon&#8221;]Telephone[\/vc_column_text][vc_column_text]<a href=\"tel:+421221028219\">+421 221 028 219<\/a>[\/vc_column_text][\/vc_column_inner][vc_column_inner column_padding=&#8221;no-extra-padding&#8221; column_padding_tablet=&#8221;inherit&#8221; column_padding_phone=&#8221;inherit&#8221; column_padding_position=&#8221;all&#8221; column_element_spacing=&#8221;default&#8221; background_color_opacity=&#8221;1&#8243; background_hover_color_opacity=&#8221;1&#8243; column_shadow=&#8221;none&#8221; column_border_radius=&#8221;none&#8221; column_link_target=&#8221;_self&#8221; gradient_direction=&#8221;left_to_right&#8221; overlay_strength=&#8221;0.3&#8243; width=&#8221;1\/3&#8243; tablet_width_inherit=&#8221;default&#8221; animation_type=&#8221;default&#8221; bg_image_animation=&#8221;none&#8221; border_type=&#8221;simple&#8221; column_border_width=&#8221;none&#8221; column_border_style=&#8221;solid&#8221;][vc_column_text el_class=&#8221;title-with-icon email&#8221;]Email[\/vc_column_text][vc_column_text]<a href=\"mailto:office@emineopartners.sk\">office@emineopartners.sk<\/a>[\/vc_column_text][\/vc_column_inner][\/vc_row_inner][vc_row_inner column_margin=&#8221;default&#8221; column_direction=&#8221;default&#8221; column_direction_tablet=&#8221;default&#8221; column_direction_phone=&#8221;default&#8221; text_align=&#8221;left&#8221; row_position=&#8221;default&#8221; row_position_tablet=&#8221;inherit&#8221; row_position_phone=&#8221;inherit&#8221; overflow=&#8221;visible&#8221; pointer_events=&#8221;all&#8221;][vc_column_inner column_padding=&#8221;no-extra-padding&#8221; column_padding_tablet=&#8221;inherit&#8221; column_padding_phone=&#8221;inherit&#8221; column_padding_position=&#8221;all&#8221; column_element_spacing=&#8221;default&#8221; background_color_opacity=&#8221;1&#8243; background_hover_color_opacity=&#8221;1&#8243; column_shadow=&#8221;none&#8221; column_border_radius=&#8221;none&#8221; column_link_target=&#8221;_self&#8221; gradient_direction=&#8221;left_to_right&#8221; overlay_strength=&#8221;0.3&#8243; width=&#8221;1\/3&#8243; tablet_width_inherit=&#8221;default&#8221; animation_type=&#8221;default&#8221; bg_image_animation=&#8221;none&#8221; border_type=&#8221;simple&#8221; column_border_width=&#8221;none&#8221; column_border_style=&#8221;solid&#8221;][vc_column_text]\n<h3>Branch Office Pre\u0161ov<\/h3>\n<p>EMINEO PARTNERS<br \/>\nHlavn\u00e1 23<br \/>\nPre\u0161ov<br \/>\n080 01[\/vc_column_text][\/vc_column_inner][vc_column_inner column_padding=&#8221;no-extra-padding&#8221; column_padding_tablet=&#8221;inherit&#8221; column_padding_phone=&#8221;inherit&#8221; column_padding_position=&#8221;all&#8221; column_element_spacing=&#8221;default&#8221; background_color_opacity=&#8221;1&#8243; background_hover_color_opacity=&#8221;1&#8243; column_shadow=&#8221;none&#8221; column_border_radius=&#8221;none&#8221; column_link_target=&#8221;_self&#8221; gradient_direction=&#8221;left_to_right&#8221; overlay_strength=&#8221;0.3&#8243; width=&#8221;1\/3&#8243; tablet_width_inherit=&#8221;default&#8221; animation_type=&#8221;default&#8221; bg_image_animation=&#8221;none&#8221; border_type=&#8221;simple&#8221; column_border_width=&#8221;none&#8221; column_border_style=&#8221;solid&#8221;][vc_column_text el_class=&#8221;title-with-icon telefon&#8221;]Telephone[\/vc_column_text][vc_column_text]<a href=\"tel:+421221028219\">+421 221 028 219<\/a>[\/vc_column_text][\/vc_column_inner][vc_column_inner column_padding=&#8221;no-extra-padding&#8221; column_padding_tablet=&#8221;inherit&#8221; column_padding_phone=&#8221;inherit&#8221; column_padding_position=&#8221;all&#8221; column_element_spacing=&#8221;default&#8221; background_color_opacity=&#8221;1&#8243; background_hover_color_opacity=&#8221;1&#8243; column_shadow=&#8221;none&#8221; column_border_radius=&#8221;none&#8221; column_link_target=&#8221;_self&#8221; gradient_direction=&#8221;left_to_right&#8221; overlay_strength=&#8221;0.3&#8243; width=&#8221;1\/3&#8243; tablet_width_inherit=&#8221;default&#8221; animation_type=&#8221;default&#8221; bg_image_animation=&#8221;none&#8221; border_type=&#8221;simple&#8221; column_border_width=&#8221;none&#8221; column_border_style=&#8221;solid&#8221;][vc_column_text el_class=&#8221;title-with-icon email&#8221;]Email[\/vc_column_text][vc_column_text]<a href=\"mailto:office@emineopartners.sk\">office@emineopartners.sk<\/a>[\/vc_column_text][\/vc_column_inner][\/vc_row_inner][\/vc_column][\/vc_row][vc_row type=&#8221;full_width_background&#8221; full_screen_row_position=&#8221;middle&#8221; column_margin=&#8221;default&#8221; column_direction=&#8221;default&#8221; column_direction_tablet=&#8221;default&#8221; column_direction_phone=&#8221;default&#8221; bg_color=&#8221;#ffffff&#8221; scene_position=&#8221;center&#8221; top_padding=&#8221;70&#8243; bottom_padding=&#8221;50&#8243; top_padding_tablet=&#8221;40&#8243; bottom_padding_tablet=&#8221;40&#8243; top_padding_phone=&#8221;40&#8243; bottom_padding_phone=&#8221;40&#8243; text_color=&#8221;dark&#8221; text_align=&#8221;left&#8221; row_border_radius=&#8221;none&#8221; row_border_radius_applies=&#8221;bg&#8221; overflow=&#8221;visible&#8221; advanced_gradient_angle=&#8221;0&#8243; overlay_strength=&#8221;0.3&#8243; gradient_direction=&#8221;left_to_right&#8221; shape_divider_position=&#8221;bottom&#8221; bg_image_animation=&#8221;none&#8221; gradient_type=&#8221;default&#8221; shape_type=&#8221;&#8221;][vc_column column_padding=&#8221;padding-7-percent&#8221; column_padding_tablet=&#8221;inherit&#8221; column_padding_phone=&#8221;inherit&#8221; column_padding_position=&#8221;right&#8221; column_element_spacing=&#8221;default&#8221; background_color_opacity=&#8221;1&#8243; background_hover_color_opacity=&#8221;1&#8243; column_shadow=&#8221;none&#8221; column_border_radius=&#8221;none&#8221; column_link_target=&#8221;_self&#8221; column_position=&#8221;default&#8221; advanced_gradient_angle=&#8221;0&#8243; gradient_direction=&#8221;left_to_right&#8221; overlay_strength=&#8221;0.3&#8243; width=&#8221;1\/2&#8243; tablet_width_inherit=&#8221;default&#8221; tablet_text_alignment=&#8221;default&#8221; phone_text_alignment=&#8221;default&#8221; animation_type=&#8221;default&#8221; bg_image_animation=&#8221;none&#8221; border_type=&#8221;simple&#8221; column_border_width=&#8221;none&#8221; column_border_style=&#8221;solid&#8221; gradient_type=&#8221;default&#8221;][vc_column_text el_class=&#8221;dark-text&#8221;]\n<h2>Write to us<\/h2>\n[\/vc_column_text]<div role=\"form\" class=\"wpcf7\" id=\"wpcf7-f1996-o1\" lang=\"sk-SK\" dir=\"ltr\">\n<div class=\"screen-reader-response\"><p role=\"status\" aria-live=\"polite\" aria-atomic=\"true\"><\/p> <ul><\/ul><\/div>\n<form action=\"\/en\/wp-json\/wp\/v2\/pages\/256#wpcf7-f1996-o1\" method=\"post\" class=\"wpcf7-form init wpcf7-acceptance-as-validation\" novalidate=\"novalidate\" data-status=\"init\">\n<div style=\"display: none;\">\n<input type=\"hidden\" name=\"_wpcf7\" value=\"1996\" \/>\n<input type=\"hidden\" name=\"_wpcf7_version\" value=\"5.6.3\" \/>\n<input type=\"hidden\" name=\"_wpcf7_locale\" value=\"sk_SK\" \/>\n<input type=\"hidden\" name=\"_wpcf7_unit_tag\" value=\"wpcf7-f1996-o1\" \/>\n<input type=\"hidden\" name=\"_wpcf7_container_post\" value=\"0\" \/>\n<input type=\"hidden\" name=\"_wpcf7_posted_data_hash\" value=\"\" \/>\n<input type=\"hidden\" name=\"_wpcf7_recaptcha_response\" value=\"\" \/>\n<\/div>\n<p><span class=\"wpcf7-form-control-wrap\" data-name=\"your-name\"><input type=\"text\" name=\"your-name\" value=\"\" size=\"40\" class=\"wpcf7-form-control wpcf7-text wpcf7-validates-as-required\" aria-required=\"true\" aria-invalid=\"false\" placeholder=\"Name , company name\" \/><\/span><\/p>\n<p><span class=\"wpcf7-form-control-wrap\" data-name=\"your-email\"><input type=\"email\" name=\"your-email\" value=\"\" size=\"40\" class=\"wpcf7-form-control wpcf7-text wpcf7-email wpcf7-validates-as-required wpcf7-validates-as-email\" aria-required=\"true\" aria-invalid=\"false\" placeholder=\"Your email\" \/><\/span><\/p>\n<p><span class=\"wpcf7-form-control-wrap\" data-name=\"your-tel\"><input type=\"text\" name=\"your-tel\" value=\"\" size=\"40\" class=\"wpcf7-form-control wpcf7-text wpcf7-validates-as-required\" aria-required=\"true\" aria-invalid=\"false\" placeholder=\"Telephone number\" \/><\/span><\/p>\n<p><span class=\"wpcf7-form-control-wrap\" data-name=\"your-message\"><textarea name=\"your-message\" cols=\"40\" rows=\"10\" class=\"wpcf7-form-control wpcf7-textarea\" aria-invalid=\"false\" placeholder=\"Your message\"><\/textarea><\/span><\/p>\n<p><span class=\"wpcf7-form-control-wrap\" data-name=\"gdpr\"><span class=\"wpcf7-form-control wpcf7-acceptance\"><span class=\"wpcf7-list-item\"><label><input type=\"checkbox\" name=\"gdpr\" value=\"1\" aria-invalid=\"false\" class=\"contact-gdpr\" \/><span class=\"wpcf7-list-item-label\">I agree <a href=\"\/en\/gdpr\/\" target=\"_blank\">to the processing of personal data<\/a><\/span><\/label><\/span><\/span><\/span><\/p>\n<p><button type=\"submit\" class=\"nectar-button large regular\" value=\"Send\"><span>Send<\/span><\/button><\/p>\n<div class=\"wpcf7-response-output\" aria-hidden=\"true\"><\/div><\/form><\/div>[\/vc_column][vc_column column_padding=&#8221;no-extra-padding&#8221; column_padding_tablet=&#8221;inherit&#8221; column_padding_phone=&#8221;inherit&#8221; column_padding_position=&#8221;all&#8221; column_element_spacing=&#8221;default&#8221; background_color_opacity=&#8221;1&#8243; background_hover_color_opacity=&#8221;1&#8243; column_shadow=&#8221;none&#8221; column_border_radius=&#8221;none&#8221; column_link_target=&#8221;_self&#8221; column_position=&#8221;default&#8221; gradient_direction=&#8221;left_to_right&#8221; overlay_strength=&#8221;0.3&#8243; width=&#8221;1\/2&#8243; tablet_width_inherit=&#8221;default&#8221; tablet_text_alignment=&#8221;default&#8221; phone_text_alignment=&#8221;default&#8221; animation_type=&#8221;default&#8221; bg_image_animation=&#8221;none&#8221; border_type=&#8221;simple&#8221; column_border_width=&#8221;none&#8221; column_border_style=&#8221;solid&#8221;][vc_column_text el_class=&#8221;dark-text&#8221;]\n<h2>How to find us?<\/h2>\n[\/vc_column_text][vc_column_text el_class=&#8221;dark-text&#8221;]\n<table class=\"doprava\" width=\"100%\">\n<tbody>\n<tr>\n<td><strong>Main Office<\/strong><\/td>\n<td>Bratislava<\/td>\n<\/tr>\n<tr>\n<td><strong>Parking<\/strong><\/td>\n<td>Park Inn, Hotel Carlton<\/td>\n<\/tr>\n<tr>\n<td><strong>Public Transport<\/strong><\/td>\n<td>Stop: Most SNP<br \/>\nTrams: 4<br \/>\nBuses: 29, 37, 50, 70, 88, 91, 191<\/td>\n<\/tr>\n<\/tbody>\n<\/table>\n[\/vc_column_text][vc_raw_html]JTNDaWZyYW1lJTIwc3JjJTNEJTIyaHR0cHMlM0ElMkYlMkZ3d3cuZ29vZ2xlLmNvbSUyRm1hcHMlMkZlbWJlZCUzRnBiJTNEJTIxMW0xOCUyMTFtMTIlMjExbTMlMjExZDI2NjIuNDAxMDkwOTAwMTA2MyUyMTJkMTcuMTA0OTk5OTE2MzA1MTQ3JTIxM2Q0OC4xNDEwNzIxNTIwMDIwMiUyMTJtMyUyMTFmMCUyMTJmMCUyMTNmMCUyMTNtMiUyMTFpMTAyNCUyMTJpNzY4JTIxNGYxMy4xJTIxM20zJTIxMW0yJTIxMXMweDQ3NmM4OTY4MWMyNGMxNmQlMjUzQTB4YjY4MzgxODAwMDViNjVhYSUyMTJzSHZpZXpkb3NsYXZvdm8lMkJuJTI1QzMlMjVBMW1lc3RpZSUyQjE4OSUyNTJGNyUyNTJDJTJCODExJTJCMDIlMkJCcmF0aXNsYXZhJTIxNWUwJTIxM20yJTIxMXNzayUyMTJzc2slMjE0djE1MzU5NzMxODEwOTAlMjIlMjB3aWR0aCUzRCUyMjEwMCUyNSUyMiUyMGhlaWdodCUzRCUyMjQwMCUyMiUyMGZyYW1lYm9yZGVyJTNEJTIyMCUyMiUyMHN0eWxlJTNEJTIyYm9yZGVyJTNBMCUyMiUyMGFsbG93ZnVsbHNjcmVlbiUzRSUzQyUyRmlmcmFtZSUzRQ==[\/vc_raw_html][vc_column_text el_class=&#8221;dark-text&#8221;]\n<table class=\"doprava\" width=\"100%\">\n<tbody>\n<tr>\n<td><strong>Branch Office<\/strong><\/td>\n<td>Pre\u0161ov<\/td>\n<\/tr>\n<tr>\n<td><strong>Parking<\/strong><\/td>\n<td>Public paid parking on Jarkov\u00e1 and Slovensk\u00e1 streets, shopping center OC Novum<\/td>\n<\/tr>\n<tr>\n<td><strong>Public Transport<\/strong><\/td>\n<td>Stop: Na Hlavnej<br \/>\nBuses: 1, 2, 4, 5, 7, 8, 11, 12, 14, 15, 18, 21, 22, 23, 24, 27, 28, 29, 32, 36, 39, 41, 45<\/td>\n<\/tr>\n<\/tbody>\n<\/table>\n[\/vc_column_text][vc_raw_html]JTNDaWZyYW1lJTIwc3JjJTNEJTIyaHR0cHMlM0ElMkYlMkZ3d3cuZ29vZ2xlLmNvbSUyRm1hcHMlMkZlbWJlZCUzRnBiJTNEJTIxMW0xOCUyMTFtMTIlMjExbTMlMjExZDI2MTcuNzU3NTEyNDMzNjczNiUyMTJkMjEuMjM4NzIzOTY0NDMwNjYlMjEzZDQ4Ljk5NjE3MTg3OTEyNDE4JTIxMm0zJTIxMWYwJTIxMmYwJTIxM2YwJTIxM20yJTIxMWkxMDI0JTIxMmk3NjglMjE0ZjEzLjElMjEzbTMlMjExbTIlMjExczB4NDczZWVkN2NiYjBjMzBiOSUyNTNBMHgyMTM0MjFmNjdhY2I2MDlhJTIxMnpTR3hoZG03RG9TQXlPRGd5THpJekxDQXdPREFnTURFZ1VISmx4YUZ2ZGclMjE1ZTAlMjEzbTIlMjExc2VuJTIxMnNzayUyMTR2MTc1MDIzNjU0NTczMCUyMTVtMiUyMTFzZW4lMjEyc3NrJTIyJTIwd2lkdGglM0QlMjI2MDAlMjIlMjBoZWlnaHQlM0QlMjI0NTAlMjIlMjBzdHlsZSUzRCUyMmJvcmRlciUzQTAlM0IlMjIlMjBhbGxvd2Z1bGxzY3JlZW4lM0QlMjIlMjIlMjBsb2FkaW5nJTNEJTIybGF6eSUyMiUyMHJlZmVycmVycG9saWN5JTNEJTIybm8tcmVmZXJyZXItd2hlbi1kb3duZ3JhZGUlMjIlM0UlM0MlMkZpZnJhbWUlM0U=[\/vc_raw_html][\/vc_column][\/vc_row]\n","protected":false},"excerpt":{"rendered":"<p>[vc_row type=&#8221;full_width_background&#8221; full_screen_row_position=&#8221;middle&#8221; column_margin=&#8221;default&#8221; column_direction=&#8221;default&#8221; column_direction_tablet=&#8221;default&#8221; column_direction_phone=&#8221;default&#8221; bg_image=&#8221;5979&#8243; bg_image_tablet=&#8221;5975&#8243; bg_image_phone=&#8221;5975&#8243; bg_position=&#8221;center top&#8221; background_image_loading=&#8221;default&#8221; bg_repeat=&#8221;no-repeat&#8221; scene_position=&#8221;center&#8221;&#8230;<\/p>\n","protected":false},"author":1,"featured_media":0,"parent":0,"menu_order":0,"comment_status":"closed","ping_status":"closed","template":"","meta":{"inline_featured_image":false},"yoast_head":"<!-- This site is optimized with the Yoast SEO plugin v19.7.2 - https:\/\/yoast.com\/wordpress\/plugins\/seo\/ -->\n<title>Contact - Emineo Partners - Finance, Audit &amp; Tax, Legal<\/title>\n<meta name=\"description\" content=\"Do not hesitate to contact us via our contact form, livechat, email or phone. We speak Slovak, English, German and Russian.\" \/>\n<meta name=\"robots\" content=\"index, follow, max-snippet:-1, max-image-preview:large, max-video-preview:-1\" \/>\n<link rel=\"canonical\" href=\"https:\/\/www.emineopartners.sk\/en\/contact\/\" \/>\n<meta property=\"og:locale\" content=\"en_US\" \/>\n<meta property=\"og:type\" content=\"article\" \/>\n<meta property=\"og:title\" content=\"Contact - Emineo Partners - Finance, Audit &amp; Tax, Legal\" \/>\n<meta property=\"og:description\" content=\"Do not hesitate to contact us via our contact form, livechat, email or phone. We speak Slovak, English, German and Russian.\" \/>\n<meta property=\"og:url\" content=\"https:\/\/www.emineopartners.sk\/en\/contact\/\" \/>\n<meta property=\"og:site_name\" content=\"Emineo Partners - Finance, Audit &amp; Tax, Legal\" \/>\n<meta property=\"article:modified_time\" content=\"2025-06-18T15:06:33+00:00\" \/>\n<meta name=\"twitter:card\" content=\"summary_large_image\" \/>\n<meta name=\"twitter:label1\" content=\"Est. reading time\" \/>\n\t<meta name=\"twitter:data1\" content=\"3 minutes\" \/>\n<script type=\"application\/ld+json\" class=\"yoast-schema-graph\">{\"@context\":\"https:\/\/schema.org\",\"@graph\":[{\"@type\":\"WebPage\",\"@id\":\"https:\/\/www.emineopartners.sk\/en\/contact\/\",\"url\":\"https:\/\/www.emineopartners.sk\/en\/contact\/\",\"name\":\"Contact - Emineo Partners - Finance, Audit &amp; Tax, Legal\",\"isPartOf\":{\"@id\":\"https:\/\/www.emineopartners.sk\/#website\"},\"datePublished\":\"2018-08-29T07:48:50+00:00\",\"dateModified\":\"2025-06-18T15:06:33+00:00\",\"description\":\"Do not hesitate to contact us via our contact form, livechat, email or phone. We speak Slovak, English, German and Russian.\",\"breadcrumb\":{\"@id\":\"https:\/\/www.emineopartners.sk\/en\/contact\/#breadcrumb\"},\"inLanguage\":\"en-US\",\"potentialAction\":[{\"@type\":\"ReadAction\",\"target\":[\"https:\/\/www.emineopartners.sk\/en\/contact\/\"]}]},{\"@type\":\"BreadcrumbList\",\"@id\":\"https:\/\/www.emineopartners.sk\/en\/contact\/#breadcrumb\",\"itemListElement\":[{\"@type\":\"ListItem\",\"position\":1,\"name\":\"Home\",\"item\":\"https:\/\/www.emineopartners.sk\/en\/uvod\/\"},{\"@type\":\"ListItem\",\"position\":2,\"name\":\"Contact\"}]},{\"@type\":\"WebSite\",\"@id\":\"https:\/\/www.emineopartners.sk\/#website\",\"url\":\"https:\/\/www.emineopartners.sk\/\",\"name\":\"Emineo Partners - Finance, Audit &amp; Tax, Legal\",\"description\":\"Poskytujeme komplexn\u00e9 slu\u017eby v oblasti \u00fa\u010dtovn\u00edctva, spracovania miezd a dan\u00ed. Na\u0161e slu\u017eby sa vyzna\u010duj\u00fa vysokou kvalitou prevedenia.\",\"potentialAction\":[{\"@type\":\"SearchAction\",\"target\":{\"@type\":\"EntryPoint\",\"urlTemplate\":\"https:\/\/www.emineopartners.sk\/?s={search_term_string}\"},\"query-input\":\"required name=search_term_string\"}],\"inLanguage\":\"en-US\"}]}<\/script>\n<!-- \/ Yoast SEO plugin. -->","yoast_head_json":{"title":"Contact - Emineo Partners - Finance, Audit &amp; Tax, Legal","description":"Do not hesitate to contact us via our contact form, livechat, email or phone. We speak Slovak, English, German and Russian.","robots":{"index":"index","follow":"follow","max-snippet":"max-snippet:-1","max-image-preview":"max-image-preview:large","max-video-preview":"max-video-preview:-1"},"canonical":"https:\/\/www.emineopartners.sk\/en\/contact\/","og_locale":"en_US","og_type":"article","og_title":"Contact - Emineo Partners - Finance, Audit &amp; Tax, Legal","og_description":"Do not hesitate to contact us via our contact form, livechat, email or phone. We speak Slovak, English, German and Russian.","og_url":"https:\/\/www.emineopartners.sk\/en\/contact\/","og_site_name":"Emineo Partners - Finance, Audit &amp; Tax, Legal","article_modified_time":"2025-06-18T15:06:33+00:00","twitter_card":"summary_large_image","twitter_misc":{"Est. reading time":"3 minutes"},"schema":{"@context":"https:\/\/schema.org","@graph":[{"@type":"WebPage","@id":"https:\/\/www.emineopartners.sk\/en\/contact\/","url":"https:\/\/www.emineopartners.sk\/en\/contact\/","name":"Contact - Emineo Partners - Finance, Audit &amp; Tax, Legal","isPartOf":{"@id":"https:\/\/www.emineopartners.sk\/#website"},"datePublished":"2018-08-29T07:48:50+00:00","dateModified":"2025-06-18T15:06:33+00:00","description":"Do not hesitate to contact us via our contact form, livechat, email or phone. We speak Slovak, English, German and Russian.","breadcrumb":{"@id":"https:\/\/www.emineopartners.sk\/en\/contact\/#breadcrumb"},"inLanguage":"en-US","potentialAction":[{"@type":"ReadAction","target":["https:\/\/www.emineopartners.sk\/en\/contact\/"]}]},{"@type":"BreadcrumbList","@id":"https:\/\/www.emineopartners.sk\/en\/contact\/#breadcrumb","itemListElement":[{"@type":"ListItem","position":1,"name":"Home","item":"https:\/\/www.emineopartners.sk\/en\/uvod\/"},{"@type":"ListItem","position":2,"name":"Contact"}]},{"@type":"WebSite","@id":"https:\/\/www.emineopartners.sk\/#website","url":"https:\/\/www.emineopartners.sk\/","name":"Emineo Partners - Finance, Audit &amp; Tax, Legal","description":"Poskytujeme komplexn\u00e9 slu\u017eby v oblasti \u00fa\u010dtovn\u00edctva, spracovania miezd a dan\u00ed. Na\u0161e slu\u017eby sa vyzna\u010duj\u00fa vysokou kvalitou prevedenia.","potentialAction":[{"@type":"SearchAction","target":{"@type":"EntryPoint","urlTemplate":"https:\/\/www.emineopartners.sk\/?s={search_term_string}"},"query-input":"required name=search_term_string"}],"inLanguage":"en-US"}]}},"_links":{"self":[{"href":"https:\/\/www.emineopartners.sk\/en\/wp-json\/wp\/v2\/pages\/256"}],"collection":[{"href":"https:\/\/www.emineopartners.sk\/en\/wp-json\/wp\/v2\/pages"}],"about":[{"href":"https:\/\/www.emineopartners.sk\/en\/wp-json\/wp\/v2\/types\/page"}],"author":[{"embeddable":true,"href":"https:\/\/www.emineopartners.sk\/en\/wp-json\/wp\/v2\/users\/1"}],"replies":[{"embeddable":true,"href":"https:\/\/www.emineopartners.sk\/en\/wp-json\/wp\/v2\/comments?post=256"}],"version-history":[{"count":26,"href":"https:\/\/www.emineopartners.sk\/en\/wp-json\/wp\/v2\/pages\/256\/revisions"}],"predecessor-version":[{"id":8279,"href":"https:\/\/www.emineopartners.sk\/en\/wp-json\/wp\/v2\/pages\/256\/revisions\/8279"}],"wp:attachment":[{"href":"https:\/\/www.emineopartners.sk\/en\/wp-json\/wp\/v2\/media?parent=256"}],"curies":[{"name":"wp","href":"https:\/\/api.w.org\/{rel}","templated":true}]}}